{"id":5414,"date":"2024-06-03T02:34:46","date_gmt":"2024-06-03T05:34:46","guid":{"rendered":"https:\/\/bikinismayoristabyjackie.com\/?post_type=product&#038;p=5414"},"modified":"2024-06-11T17:41:54","modified_gmt":"2024-06-11T20:41:54","slug":"pack-12-medias-efecto-piel-6-dias-habiles","status":"publish","type":"product","link":"https:\/\/bikinismayoristabyjackie.com\/index.php\/product\/pack-12-medias-efecto-piel-6-dias-habiles\/","title":{"rendered":"Pack 12 Medias Efecto Piel ( 6 D\u00cdAS H\u00c1BILES )"},"content":{"rendered":"<p>Este pack se despacha en 6 dias h\u00e1biles, es una super promo para que puedas optimizar tus costos y planificar tu ganancia. El pago como todos los productos de la tienda se realiza para confirmar el pedido, de otra manera el pedido no es v\u00e1lido.<\/p>\n<p>&nbsp;<\/p>\n<p>Talle 5xL significa que sirve desde talle 95 a 110 de cadera.<\/p>\n","protected":false},"excerpt":{"rendered":"<p>Este pack se despacha en 6 dias h\u00e1biles, es una super promo para que puedas optimizar tus costos y planificar tu ganancia. El pago como todos los productos de la tienda se realiza para confirmar el pedido, de otra manera el pedido no es v\u00e1lido. &nbsp; Talle 5xL significa que sirve desde talle 95 a [&hellip;]<\/p>\n","protected":false},"featured_media":5367,"comment_status":"open","ping_status":"closed","template":"","meta":[],"product_cat":[94],"product_tag":[],"class_list":{"0":"post-5414","1":"product","2":"type-product","3":"status-publish","4":"has-post-thumbnail","6":"product_cat-medias","8":"first","9":"instock","10":"shipping-taxable","11":"purchasable","12":"product-type-simple"},"_links":{"self":[{"href":"https:\/\/bikinismayoristabyjackie.com\/index.php\/wp-json\/wp\/v2\/product\/5414","targetHints":{"allow":["GET"]}}],"collection":[{"href":"https:\/\/bikinismayoristabyjackie.com\/index.php\/wp-json\/wp\/v2\/product"}],"about":[{"href":"https:\/\/bikinismayoristabyjackie.com\/index.php\/wp-json\/wp\/v2\/types\/product"}],"replies":[{"embeddable":true,"href":"https:\/\/bikinismayoristabyjackie.com\/index.php\/wp-json\/wp\/v2\/comments?post=5414"}],"version-history":[{"count":3,"href":"https:\/\/bikinismayoristabyjackie.com\/index.php\/wp-json\/wp\/v2\/product\/5414\/revisions"}],"predecessor-version":[{"id":5423,"href":"https:\/\/bikinismayoristabyjackie.com\/index.php\/wp-json\/wp\/v2\/product\/5414\/revisions\/5423"}],"wp:featuredmedia":[{"embeddable":true,"href":"https:\/\/bikinismayoristabyjackie.com\/index.php\/wp-json\/wp\/v2\/media\/5367"}],"wp:attachment":[{"href":"https:\/\/bikinismayoristabyjackie.com\/index.php\/wp-json\/wp\/v2\/media?parent=5414"}],"wp:term":[{"taxonomy":"product_cat","embeddable":true,"href":"https:\/\/bikinismayoristabyjackie.com\/index.php\/wp-json\/wp\/v2\/product_cat?post=5414"},{"taxonomy":"product_tag","embeddable":true,"href":"https:\/\/bikinismayoristabyjackie.com\/index.php\/wp-json\/wp\/v2\/product_tag?post=5414"}],"curies":[{"name":"wp","href":"https:\/\/api.w.org\/{rel}","templated":true}]}}